{"id":316,"date":"2024-10-08T18:35:15","date_gmt":"2024-10-08T16:35:15","guid":{"rendered":"https:\/\/bioelife.fr\/?page_id=316"},"modified":"2025-01-07T19:30:17","modified_gmt":"2025-01-07T18:30:17","slug":"huile-essentielle-de-cedre","status":"publish","type":"page","link":"https:\/\/bioelife.fr\/index.php\/huile-essentielle-de-cedre\/","title":{"rendered":"Huile essentielle de c\u00e8dre"},"content":{"rendered":"\t\t<div data-elementor-type=\"wp-page\" data-elementor-id=\"316\" class=\"elementor elementor-316\">\n\t\t\t\t<div class=\"elementor-element elementor-element-5b22122 e-flex e-con-boxed e-con e-parent\" data-id=\"5b22122\" data-element_type=\"container\" data-settings=\"{&quot;background_background&quot;:&quot;slideshow&quot;,&quot;background_slideshow_gallery&quot;:[{&quot;id&quot;:290,&quot;url&quot;:&quot;https:\\\/\\\/bioelife.fr\\\/wp-content\\\/uploads\\\/2024\\\/10\\\/Unknown-21-scaled.jpeg&quot;}],&quot;jet_parallax_layout_list&quot;:[],&quot;background_slideshow_loop&quot;:&quot;yes&quot;,&quot;background_slideshow_slide_duration&quot;:5000,&quot;background_slideshow_slide_transition&quot;:&quot;fade&quot;,&quot;background_slideshow_transition_duration&quot;:500}\">\n\t\t\t\t\t<div class=\"e-con-inner\">\n\t\t\t\t<div class=\"elementor-element elementor-element-f36544d elementor-widget elementor-widget-heading\" data-id=\"f36544d\" data-element_type=\"widget\" data-widget_type=\"heading.default\">\n\t\t\t\t<div class=\"elementor-widget-container\">\n\t\t\t\t\t<h2 class=\"elementor-heading-title elementor-size-default\">Huile essentielle de c\u00e8dre<\/h2>\t\t\t\t<\/div>\n\t\t\t\t<\/div>\n\t\t\t\t\t<\/div>\n\t\t\t\t<\/div>\n\t\t<div class=\"elementor-element elementor-element-cffa043 e-grid e-con-boxed e-con e-parent\" data-id=\"cffa043\" data-element_type=\"container\" data-settings=\"{&quot;jet_parallax_layout_list&quot;:[]}\">\n\t\t\t\t\t<div class=\"e-con-inner\">\n\t\t\t\t<div class=\"elementor-element elementor-element-a4d0cf0 elementor-widget elementor-widget-text-editor\" data-id=\"a4d0cf0\" data-element_type=\"widget\" data-widget_type=\"text-editor.default\">\n\t\t\t\t<div class=\"elementor-widget-container\">\n\t\t\t\t\t\t\t\t\t<h2><strong><span style=\"color: black;\">THUJAS OCCIDENTALIS<\/span><\/strong><\/h2><h5><strong>M\u00e9thode d\u2019extraction : <\/strong>distillation compl\u00e8te \u00e0 la vapeur d&rsquo;eau<\/h5><h6><strong>Huile essentielle 100% pure et naturelle<\/strong><\/h6><h6><strong>Partie : rameaux<\/strong><\/h6><h6><strong>Origine : Canada \ud83c\udde8\ud83c\udde6<\/strong><\/h6>\t\t\t\t\t\t\t\t<\/div>\n\t\t\t\t<\/div>\n\t\t\t\t<div class=\"elementor-element elementor-element-5ec395e elementor-widget elementor-widget-image\" data-id=\"5ec395e\" data-element_type=\"widget\" data-widget_type=\"image.default\">\n\t\t\t\t<div class=\"elementor-widget-container\">\n\t\t\t\t\t\t\t\t\t\t\t\t\t\t\t<img fetchpriority=\"high\" decoding=\"async\" width=\"500\" height=\"500\" src=\"https:\/\/bioelife.fr\/wp-content\/uploads\/2024\/10\/Unknown-23-1-500x500.jpeg\" class=\"attachment-Image Size 500x500 size-Image Size 500x500 wp-image-292\" alt=\"\" srcset=\"https:\/\/bioelife.fr\/wp-content\/uploads\/2024\/10\/Unknown-23-1-500x500.jpeg 500w, https:\/\/bioelife.fr\/wp-content\/uploads\/2024\/10\/Unknown-23-1-150x150.jpeg 150w, https:\/\/bioelife.fr\/wp-content\/uploads\/2024\/10\/Unknown-23-1-300x300.jpeg 300w, https:\/\/bioelife.fr\/wp-content\/uploads\/2024\/10\/Unknown-23-1-100x100.jpeg 100w\" sizes=\"(max-width: 500px) 100vw, 500px\" \/>\t\t\t\t\t\t\t\t\t\t\t\t\t\t\t<\/div>\n\t\t\t\t<\/div>\n\t\t\t\t\t<\/div>\n\t\t\t\t<\/div>\n\t\t<div class=\"elementor-element elementor-element-0699c89 e-flex e-con-boxed e-con e-parent\" data-id=\"0699c89\" data-element_type=\"container\" data-settings=\"{&quot;jet_parallax_layout_list&quot;:[]}\">\n\t\t\t\t\t<div class=\"e-con-inner\">\n\t\t\t\t<div class=\"elementor-element elementor-element-c690960 elementor-widget elementor-widget-raven-advanced-accordion\" data-id=\"c690960\" data-element_type=\"widget\" data-settings=\"{&quot;collapsible&quot;:&quot;false&quot;,&quot;scroll_to_content&quot;:&quot;false&quot;}\" data-widget_type=\"raven-advanced-accordion.default\">\n\t\t\t\t<div class=\"elementor-widget-container\">\n\t\t\t\t\t\t\t\t<div id=\"jupiterx-advanced-accordion-wrapper\" class=\"jupiterx-advanced-accordion-wrapper\">\n\t\t\t\t<div class=\"jupiterx-advanced-accordion-inner-wrapper\">\n\t\t\t\t\t\t\t\t\t\t\t\t\t\t<div class=\"jupiterx-single-advanced-accordion-wrapper  jx-ac-first  jx-ac-inactive\" id=\"\" >\n\t\t\t\t<div class=\"jx-single-accordion-header\">\n\t\t\t\t\t<div class=\"jx-single-accordion-header-left\">\n\t\t\t\t\t\t<div class=\"jx-single-accordion-header-icon-toggle-wrapper jx-single-accordion-header-icon-toggle-wrapper-hide\" >\n\t\t\t\t\t\t\t\t\t\t\t\t\t<\/div>\n\t\t\t\t\t\t<span class=\"jx-ac-title\">Description<\/span>\t\t\t\t\t<\/div>\n\t\t\t\t\t<div class=\"jx-single-accordion-header-right\">\n\t\t\t\t\t\t<i aria-hidden=\"true\" class=\"jx-ac-icon-body-closed jx-ac-toggle-icon fas fa-chevron-right\"><\/i><i aria-hidden=\"true\" class=\"jx-ac-icon-body-opened jx-ac-toggle-icon fas fa-chevron-down\"><\/i>\t\t\t\t\t<\/div>\n\t\t\t\t<\/div>\n\t\t\t\t<div class=\"jx-single-accordion-body  jx-ac-body-none\">\n\t\t\t\t\t<div class=\"jx-ac-content\">\n\t\t\t\t\t\t<div class=\"jx-ac-content-inner-wrapper\">\n\t\t\t\t\t\t\t<div class=\"jupiterx-ac-content-is-editor\"><p><strong><u>Botanique\u00a0:<\/u><\/strong> Le c\u00e8dre est en r\u00e9alit\u00e9 un thuya, de la famille des Cupressac\u00e9es et du genre Thuja.<\/p><p>Le thuya occidental est originaire du Nord-Ouest de l\u2019Am\u00e9rique du Nord. Le thuja occidentalis est majoritairement cultiv\u00e9 au Canada, aux Etats-Unis, dans les Balkans et en Laponie.<\/p><p>On le retrouve en milieux humides ou mar\u00e9cageux mais peut aussi tol\u00e9rer les sols tr\u00e8s secs.<\/p><p>Certainement le plus c\u00e9l\u00e8bre de nos conif\u00e8res indig\u00e8nes, le thuja occidentalis d\u2019Am\u00e9rique du nord, davantage connu sous le nom de c\u00e8dre, est le roi incontest\u00e9 sous la forme d\u2019innombrables haies entre voisins, en \u00e9tant un symbole de la convivialit\u00e9 et de la beaut\u00e9 esth\u00e9tique.<\/p><p>Sa grande polyvalence n\u2019est pas \u00e9trang\u00e8re \u00e0 sa popularit\u00e9.<\/p><p>Les Am\u00e9rindiens l\u2019appellent \u00ab l\u2019arbre de vie \u00bb, sans doute \u00e0 cause de ses vertus purifiantes et cicatrisantes. Le thuya occidental est l\u2019un des ingr\u00e9dients d\u2019un rem\u00e8de am\u00e9rindien contre le scorbut qui sauva Jacques Cartier et son \u00e9quipage. L\u2019huile essentielle de thuya occidental est dot\u00e9e d\u2019un ar\u00f4me frais, camphr\u00e9 et tr\u00e8s charg\u00e9.<\/p><\/div>\t\t\t\t\t\t<\/div>\n\t\t\t\t\t<\/div>\n\t\t\t\t<\/div>\n\t\t\t<\/div>\n\t\t\t\t\t\t\t\t\t\t\t\t\t\t\t\t<div class=\"jupiterx-single-advanced-accordion-wrapper  jx-ac-last  jx-ac-active\" id=\"\" >\n\t\t\t\t<div class=\"jx-single-accordion-header\">\n\t\t\t\t\t<div class=\"jx-single-accordion-header-left\">\n\t\t\t\t\t\t<div class=\"jx-single-accordion-header-icon-toggle-wrapper jx-single-accordion-header-icon-toggle-wrapper-hide\" >\n\t\t\t\t\t\t\t\t\t\t\t\t\t<\/div>\n\t\t\t\t\t\t<span class=\"jx-ac-title\">Utilisation<\/span>\t\t\t\t\t<\/div>\n\t\t\t\t\t<div class=\"jx-single-accordion-header-right\">\n\t\t\t\t\t\t<i aria-hidden=\"true\" class=\"jx-ac-icon-body-closed jx-ac-toggle-icon fas fa-chevron-right\"><\/i><i aria-hidden=\"true\" class=\"jx-ac-icon-body-opened jx-ac-toggle-icon fas fa-chevron-down\"><\/i>\t\t\t\t\t<\/div>\n\t\t\t\t<\/div>\n\t\t\t\t<div class=\"jx-single-accordion-body  jx-ac-body-block\">\n\t\t\t\t\t<div class=\"jx-ac-content\">\n\t\t\t\t\t\t<div class=\"jx-ac-content-inner-wrapper\">\n\t\t\t\t\t\t\t<div class=\"jupiterx-ac-content-is-editor\"><p><strong><u>Utilisation\u00a0:<\/u><\/strong> L\u2019huile essentielle de C\u00e8dre est utilis\u00e9e pour apporter une note aromatique, fra\u00eeche et terp\u00e9nique aux notes bois\u00e9es entre autres.<\/p><p>Cette huile essentielle de Thuya en provenance du\u00a0Canada\u00a0est distill\u00e9e \u00e0 partir des rameaux de l'arbre.<\/p><p>L\u2019huile essentielle de <b>c\u00e8dre<\/b> est largement utilis\u00e9e en parfumerie en raison de ses notes bois\u00e9es, s\u00e8ches et r\u00e9sineuses qui apportent profondeur et long\u00e9vit\u00e9 aux compositions. Le c\u00e8dre est couramment utilis\u00e9 dans les bases des parfums, en particulier dans les cr\u00e9ations bois\u00e9es, orientales, chypr\u00e9es et foug\u00e8res.<\/p><\/div>\t\t\t\t\t\t<\/div>\n\t\t\t\t\t<\/div>\n\t\t\t\t<\/div>\n\t\t\t<\/div>\n\t\t\t\t\t\t\t\t\t\t\t<\/div>\n\t\t\t<\/div>\n\t\t\t\t\t\t\t<\/div>\n\t\t\t\t<\/div>\n\t\t\t\t\t<\/div>\n\t\t\t\t<\/div>\n\t\t<div class=\"elementor-element elementor-element-54b876f e-flex e-con-boxed e-con e-parent\" data-id=\"54b876f\" data-element_type=\"container\" data-settings=\"{&quot;jet_parallax_layout_list&quot;:[]}\">\n\t\t\t\t\t<div class=\"e-con-inner\">\n\t\t\t\t<div class=\"elementor-element elementor-element-48143d1 elementor-widget elementor-widget-shortcode\" data-id=\"48143d1\" data-element_type=\"widget\" data-widget_type=\"shortcode.default\">\n\t\t\t\t<div class=\"elementor-widget-container\">\n\t\t\t\t\t\t\t<div class=\"elementor-shortcode\">\n<div\n    class='wp-block-pdfp-pdf-poster  alignnone'\n    id='block-2'\n    data-attributes='{&quot;uniqueId&quot;:&quot;pdfp1&quot;,&quot;file&quot;:&quot;https:\\\/\\\/bioelife.fr\\\/wp-content\\\/uploads\\\/2025\\\/01\\\/FT-HUILE-ESSENTIELLE-CEDRE.pdf&quot;,&quot;title&quot;:&quot;&quot;,&quot;height&quot;:&quot;842px&quot;,&quot;width&quot;:&quot;100%&quot;,&quot;print&quot;:false,&quot;fullscreenButton&quot;:true,&quot;fullscreenButtonText&quot;:&quot;View Fullscreen&quot;,&quot;newWindow&quot;:false,&quot;showName&quot;:true,&quot;downloadButton&quot;:true,&quot;downloadButtonText&quot;:&quot;Download File&quot;,&quot;protect&quot;:false,&quot;onlyPDF&quot;:false,&quot;defaultBrowser&quot;:false,&quot;thumbMenu&quot;:false,&quot;initialPage&quot;:&quot;1&quot;,&quot;sidebarOpen&quot;:false,&quot;lastVersion&quot;:false,&quot;hrScroll&quot;:false,&quot;alert&quot;:false,&quot;btnStyles&quot;:{&quot;background&quot;:&quot;#1e73be&quot;,&quot;color&quot;:&quot;#fff&quot;,&quot;fontSize&quot;:&quot;rem&quot;,&quot;padding&quot;:{&quot;top&quot;:10,&quot;right&quot;:20,&quot;bottom&quot;:10,&quot;left&quot;:10}},&quot;popupOptions&quot;:{&quot;enabled&quot;:false,&quot;text&quot;:&quot;Open PDF&quot;,&quot;btnStyle&quot;:{&quot;background&quot;:&quot;#1e73be&quot;,&quot;color&quot;:&quot;#fff&quot;,&quot;fontSize&quot;:&quot;rem&quot;,&quot;padding&quot;:{&quot;top&quot;:10,&quot;right&quot;:20,&quot;bottom&quot;:10,&quot;left&quot;:10}}},&quot;socialShare&quot;:{&quot;enabled&quot;:false,&quot;facebook&quot;:false,&quot;twitter&quot;:false,&quot;linkedin&quot;:false,&quot;pinterest&quot;:false,&quot;position&quot;:&quot;top&quot;},&quot;adobeEmbedder&quot;:false,&quot;align&quot;:&quot;none&quot;,&quot;alignment&quot;:&quot;left&quot;,&quot;titleFontSize&quot;:&quot;16px&quot;,&quot;isHideRightToolbar&quot;:false,&quot;additional&quot;:{&quot;ID&quot;:&quot;&quot;,&quot;Class&quot;:&quot;&quot;,&quot;CSS&quot;:&quot;&quot;},&quot;adobeOptions&quot;:{&quot;showDownloadPDF&quot;:true,&quot;showPrintPDF&quot;:true,&quot;showAnnotationTools&quot;:true,&quot;showFullScreen&quot;:false,&quot;embedMode&quot;:&quot;SIZED_CONTAINER&quot;},&quot;popupBtnStyle&quot;:{&quot;background&quot;:&quot;#2271b1&quot;,&quot;color&quot;:&quot;#fff&quot;,&quot;padding&quot;:{&quot;top&quot;:10,&quot;right&quot;:20,&quot;bottom&quot;:10,&quot;left&quot;:10}},&quot;popupBtnText&quot;:&quot;Open Document&quot;,&quot;CSS&quot;:&quot;&quot;,&quot;isPremium&quot;:false}'\n    style=\"text-align: left\">\n    \n        <iframe title=\"\" style=\"border:0;\" width=\"100%\" height=\"800px\" class=\"pdfp_unsupported_frame\" src=\"\/\/docs.google.com\/gview?embedded=true&url=https:\/\/bioelife.fr\/wp-content\/uploads\/2025\/01\/FT-HUILE-ESSENTIELLE-CEDRE.pdf\"><\/iframe>\n\n    <\/div>\n<\/div>\n\t\t\t\t\t\t<\/div>\n\t\t\t\t<\/div>\n\t\t\t\t\t<\/div>\n\t\t\t\t<\/div>\n\t\t\t\t<\/div>\n\t\t","protected":false},"excerpt":{"rendered":"<p>Huile essentielle de c\u00e8dre THUJAS OCCIDENTALIS M\u00e9thode d\u2019extraction : distillation compl\u00e8te \u00e0 la vapeur d&rsquo;eau Huile essentielle 100% pure et naturelle Partie : rameaux Origine : Canada \ud83c\udde8\ud83c\udde6 Description Botanique\u00a0: Le c\u00e8dre est en r\u00e9alit\u00e9 un thuya, de la famille des Cupressac\u00e9es et du genre Thuja. Le thuya occidental est originaire du Nord-Ouest de l\u2019Am\u00e9rique [&hellip;]<\/p>\n","protected":false},"author":2,"featured_media":0,"parent":0,"menu_order":0,"comment_status":"closed","ping_status":"closed","template":"elementor_header_footer","meta":{"_acf_changed":false,"footnotes":""},"class_list":["post-316","page","type-page","status-publish","hentry"],"acf":[],"_links":{"self":[{"href":"https:\/\/bioelife.fr\/index.php\/wp-json\/wp\/v2\/pages\/316","targetHints":{"allow":["GET"]}}],"collection":[{"href":"https:\/\/bioelife.fr\/index.php\/wp-json\/wp\/v2\/pages"}],"about":[{"href":"https:\/\/bioelife.fr\/index.php\/wp-json\/wp\/v2\/types\/page"}],"author":[{"embeddable":true,"href":"https:\/\/bioelife.fr\/index.php\/wp-json\/wp\/v2\/users\/2"}],"replies":[{"embeddable":true,"href":"https:\/\/bioelife.fr\/index.php\/wp-json\/wp\/v2\/comments?post=316"}],"version-history":[{"count":3,"href":"https:\/\/bioelife.fr\/index.php\/wp-json\/wp\/v2\/pages\/316\/revisions"}],"predecessor-version":[{"id":445,"href":"https:\/\/bioelife.fr\/index.php\/wp-json\/wp\/v2\/pages\/316\/revisions\/445"}],"wp:attachment":[{"href":"https:\/\/bioelife.fr\/index.php\/wp-json\/wp\/v2\/media?parent=316"}],"curies":[{"name":"wp","href":"https:\/\/api.w.org\/{rel}","templated":true}]}}