{"id":358,"date":"2024-10-08T19:39:58","date_gmt":"2024-10-08T17:39:58","guid":{"rendered":"https:\/\/bioelife.fr\/?page_id=358"},"modified":"2024-10-20T13:33:48","modified_gmt":"2024-10-20T11:33:48","slug":"hydrolats","status":"publish","type":"page","link":"https:\/\/bioelife.fr\/index.php\/hydrolats\/","title":{"rendered":"Hydrolats"},"content":{"rendered":"\t\t<div data-elementor-type=\"wp-page\" data-elementor-id=\"358\" class=\"elementor elementor-358\">\n\t\t\t\t<div class=\"elementor-element elementor-element-c46634f e-flex e-con-boxed e-con e-parent\" data-id=\"c46634f\" data-element_type=\"container\" data-settings=\"{&quot;background_background&quot;:&quot;slideshow&quot;,&quot;background_slideshow_gallery&quot;:[{&quot;id&quot;:299,&quot;url&quot;:&quot;https:\\\/\\\/bioelife.fr\\\/wp-content\\\/uploads\\\/2024\\\/10\\\/PHOTO-2024-09-22-21-47-00.jpg&quot;}],&quot;jet_parallax_layout_list&quot;:[],&quot;background_slideshow_loop&quot;:&quot;yes&quot;,&quot;background_slideshow_slide_duration&quot;:5000,&quot;background_slideshow_slide_transition&quot;:&quot;fade&quot;,&quot;background_slideshow_transition_duration&quot;:500}\">\n\t\t\t\t\t<div class=\"e-con-inner\">\n\t\t\t\t<div class=\"elementor-element elementor-element-a601f29 elementor-widget elementor-widget-heading\" data-id=\"a601f29\" data-element_type=\"widget\" data-widget_type=\"heading.default\">\n\t\t\t\t<div class=\"elementor-widget-container\">\n\t\t\t\t\t<h2 class=\"elementor-heading-title elementor-size-default\">Eau florale de c\u00e8dre<\/h2>\t\t\t\t<\/div>\n\t\t\t\t<\/div>\n\t\t\t\t\t<\/div>\n\t\t\t\t<\/div>\n\t\t<div class=\"elementor-element elementor-element-2cdf622 e-grid e-con-boxed e-con e-parent\" data-id=\"2cdf622\" data-element_type=\"container\" data-settings=\"{&quot;jet_parallax_layout_list&quot;:[]}\">\n\t\t\t\t\t<div class=\"e-con-inner\">\n\t\t\t\t<div class=\"elementor-element elementor-element-a488479 elementor-widget elementor-widget-text-editor\" data-id=\"a488479\" data-element_type=\"widget\" data-widget_type=\"text-editor.default\">\n\t\t\t\t<div class=\"elementor-widget-container\">\n\t\t\t\t\t\t\t\t\t<h2><strong><span style=\"color: black;\">THUJA OCCIDENTALIS<\/span><\/strong><\/h2><h5><strong>M\u00e9thode d\u2019extraction : <\/strong>distillation compl\u00e8te \u00e0 la vapeur d&rsquo;eau<\/h5><h6><strong>Huile essentielle 100% pure et naturelle<\/strong><\/h6><h6><strong>Partie : aiguilles<\/strong><\/h6><h6><strong>Origine : Canada \ud83c\udde8\ud83c\udde6<\/strong><\/h6><p>\u00a0<\/p>\t\t\t\t\t\t\t\t<\/div>\n\t\t\t\t<\/div>\n\t\t\t\t<div class=\"elementor-element elementor-element-b245907 elementor-widget elementor-widget-image\" data-id=\"b245907\" data-element_type=\"widget\" data-widget_type=\"image.default\">\n\t\t\t\t<div class=\"elementor-widget-container\">\n\t\t\t\t\t\t\t\t\t\t\t\t\t\t\t<img fetchpriority=\"high\" decoding=\"async\" width=\"500\" height=\"500\" src=\"https:\/\/bioelife.fr\/wp-content\/uploads\/2024\/10\/PHOTO-2024-09-22-21-47-00-2-500x500.jpg\" class=\"attachment-Image Size 500x500 size-Image Size 500x500 wp-image-293\" alt=\"\" srcset=\"https:\/\/bioelife.fr\/wp-content\/uploads\/2024\/10\/PHOTO-2024-09-22-21-47-00-2-500x500.jpg 500w, https:\/\/bioelife.fr\/wp-content\/uploads\/2024\/10\/PHOTO-2024-09-22-21-47-00-2-150x150.jpg 150w, https:\/\/bioelife.fr\/wp-content\/uploads\/2024\/10\/PHOTO-2024-09-22-21-47-00-2-300x300.jpg 300w, https:\/\/bioelife.fr\/wp-content\/uploads\/2024\/10\/PHOTO-2024-09-22-21-47-00-2-100x100.jpg 100w\" sizes=\"(max-width: 500px) 100vw, 500px\" \/>\t\t\t\t\t\t\t\t\t\t\t\t\t\t\t<\/div>\n\t\t\t\t<\/div>\n\t\t\t\t\t<\/div>\n\t\t\t\t<\/div>\n\t\t<div class=\"elementor-element elementor-element-cbd3d99 e-flex e-con-boxed e-con e-parent\" data-id=\"cbd3d99\" data-element_type=\"container\" data-settings=\"{&quot;jet_parallax_layout_list&quot;:[]}\">\n\t\t\t\t\t<div class=\"e-con-inner\">\n\t\t\t\t<div class=\"elementor-element elementor-element-ceea32a elementor-widget elementor-widget-raven-advanced-accordion\" data-id=\"ceea32a\" data-element_type=\"widget\" data-settings=\"{&quot;collapsible&quot;:&quot;false&quot;,&quot;scroll_to_content&quot;:&quot;false&quot;}\" data-widget_type=\"raven-advanced-accordion.default\">\n\t\t\t\t<div class=\"elementor-widget-container\">\n\t\t\t\t\t\t\t\t<div id=\"jupiterx-advanced-accordion-wrapper\" class=\"jupiterx-advanced-accordion-wrapper\">\n\t\t\t\t<div class=\"jupiterx-advanced-accordion-inner-wrapper\">\n\t\t\t\t\t\t\t\t\t\t\t\t\t\t<div class=\"jupiterx-single-advanced-accordion-wrapper  jx-ac-first  jx-ac-inactive\" id=\"\" >\n\t\t\t\t<div class=\"jx-single-accordion-header\">\n\t\t\t\t\t<div class=\"jx-single-accordion-header-left\">\n\t\t\t\t\t\t<div class=\"jx-single-accordion-header-icon-toggle-wrapper jx-single-accordion-header-icon-toggle-wrapper-hide\" >\n\t\t\t\t\t\t\t\t\t\t\t\t\t<\/div>\n\t\t\t\t\t\t<span class=\"jx-ac-title\">Eau florale de c\u00e8dre ?<\/span>\t\t\t\t\t<\/div>\n\t\t\t\t\t<div class=\"jx-single-accordion-header-right\">\n\t\t\t\t\t\t<i aria-hidden=\"true\" class=\"jx-ac-icon-body-closed jx-ac-toggle-icon fas fa-chevron-right\"><\/i><i aria-hidden=\"true\" class=\"jx-ac-icon-body-opened jx-ac-toggle-icon fas fa-chevron-down\"><\/i>\t\t\t\t\t<\/div>\n\t\t\t\t<\/div>\n\t\t\t\t<div class=\"jx-single-accordion-body  jx-ac-body-none\">\n\t\t\t\t\t<div class=\"jx-ac-content\">\n\t\t\t\t\t\t<div class=\"jx-ac-content-inner-wrapper\">\n\t\t\t\t\t\t\t<div class=\"jupiterx-ac-content-is-editor\"><p>L\u2019eau florale ou hydrolat est un\u00a0<u>produit d\u00e9riv\u00e9 naturel de la distillation.\u00a0<\/u><\/p><p>Les hydrolats doivent \u00eatre conserv\u00e9s \u00e0 l\u2019abri de la lumi\u00e8re et utilis\u00e9s rapidement apr\u00e8s ouverture du flacon. On peut utiliser les hydrolats en cuisine, pour le bien-\u00eatre en vaporisation directe, ainsi que sur les animaux. Ils sont bien s\u00fbr indiqu\u00e9s pour leurs vertus th\u00e9rapeutiques. Ils sont particuli\u00e8rement appr\u00e9ci\u00e9s pour les soins cosm\u00e9tiques et dermatologiques (acn\u00e9, ecz\u00e9ma, couperose, rides\u2026).<\/p><\/div>\t\t\t\t\t\t<\/div>\n\t\t\t\t\t<\/div>\n\t\t\t\t<\/div>\n\t\t\t<\/div>\n\t\t\t\t\t\t\t\t\t\t\t\t\t\t\t\t<div class=\"jupiterx-single-advanced-accordion-wrapper  jx-ac-last  jx-ac-active\" id=\"\" >\n\t\t\t\t<div class=\"jx-single-accordion-header\">\n\t\t\t\t\t<div class=\"jx-single-accordion-header-left\">\n\t\t\t\t\t\t<div class=\"jx-single-accordion-header-icon-toggle-wrapper jx-single-accordion-header-icon-toggle-wrapper-hide\" >\n\t\t\t\t\t\t\t\t\t\t\t\t\t<\/div>\n\t\t\t\t\t\t<span class=\"jx-ac-title\">Description<\/span>\t\t\t\t\t<\/div>\n\t\t\t\t\t<div class=\"jx-single-accordion-header-right\">\n\t\t\t\t\t\t<i aria-hidden=\"true\" class=\"jx-ac-icon-body-closed jx-ac-toggle-icon fas fa-chevron-right\"><\/i><i aria-hidden=\"true\" class=\"jx-ac-icon-body-opened jx-ac-toggle-icon fas fa-chevron-down\"><\/i>\t\t\t\t\t<\/div>\n\t\t\t\t<\/div>\n\t\t\t\t<div class=\"jx-single-accordion-body  jx-ac-body-block\">\n\t\t\t\t\t<div class=\"jx-ac-content\">\n\t\t\t\t\t\t<div class=\"jx-ac-content-inner-wrapper\">\n\t\t\t\t\t\t\t<div class=\"jupiterx-ac-content-is-editor\"><p>Comme son essence aromatique, l'hydrolat de Thuya est purifiant et assainissant des pr\u00e9sences ind\u00e9sirables, et odeurs d\u00e9plaisantes.<\/p><p>Le thuya est notre arbre de vie si bienveillant et durable.<\/p><p>C'est autant un r\u00e9pulsif contre les insectes piqueurs, que les tiques et les punaises.\u00a0<\/p><p>On peut l'employer pur en vaporisation sur la peau, les v\u00eatements, sur les animaux ou encore pour les enfants, m\u00eame jeunes.<\/p><p><strong>\u00a0Origine<\/strong><\/p><p>Cet hydrolat de Thuya biologique\u00a0en provenance du\u00a0Canada\u00a0est obtenu \u00e0 partir de la distillation \u00e0 vapeur d'eau des rameaux \u00e9cailleux de l'arbre.<\/p><\/div>\t\t\t\t\t\t<\/div>\n\t\t\t\t\t<\/div>\n\t\t\t\t<\/div>\n\t\t\t<\/div>\n\t\t\t\t\t\t\t\t\t\t\t<\/div>\n\t\t\t<\/div>\n\t\t\t\t\t\t\t<\/div>\n\t\t\t\t<\/div>\n\t\t\t\t\t<\/div>\n\t\t\t\t<\/div>\n\t\t\t\t<\/div>\n\t\t","protected":false},"excerpt":{"rendered":"<p>Eau florale de c\u00e8dre THUJA OCCIDENTALIS M\u00e9thode d\u2019extraction : distillation compl\u00e8te \u00e0 la vapeur d&rsquo;eau Huile essentielle 100% pure et naturelle Partie : aiguilles Origine : Canada \ud83c\udde8\ud83c\udde6 \u00a0 Eau florale de c\u00e8dre ? L\u2019eau florale ou hydrolat est un\u00a0produit d\u00e9riv\u00e9 naturel de la distillation.\u00a0 Les hydrolats doivent \u00eatre conserv\u00e9s \u00e0 l\u2019abri de la lumi\u00e8re [&hellip;]<\/p>\n","protected":false},"author":2,"featured_media":0,"parent":0,"menu_order":0,"comment_status":"closed","ping_status":"closed","template":"elementor_header_footer","meta":{"_acf_changed":false,"footnotes":""},"class_list":["post-358","page","type-page","status-publish","hentry"],"acf":[],"_links":{"self":[{"href":"https:\/\/bioelife.fr\/index.php\/wp-json\/wp\/v2\/pages\/358","targetHints":{"allow":["GET"]}}],"collection":[{"href":"https:\/\/bioelife.fr\/index.php\/wp-json\/wp\/v2\/pages"}],"about":[{"href":"https:\/\/bioelife.fr\/index.php\/wp-json\/wp\/v2\/types\/page"}],"author":[{"embeddable":true,"href":"https:\/\/bioelife.fr\/index.php\/wp-json\/wp\/v2\/users\/2"}],"replies":[{"embeddable":true,"href":"https:\/\/bioelife.fr\/index.php\/wp-json\/wp\/v2\/comments?post=358"}],"version-history":[{"count":0,"href":"https:\/\/bioelife.fr\/index.php\/wp-json\/wp\/v2\/pages\/358\/revisions"}],"wp:attachment":[{"href":"https:\/\/bioelife.fr\/index.php\/wp-json\/wp\/v2\/media?parent=358"}],"curies":[{"name":"wp","href":"https:\/\/api.w.org\/{rel}","templated":true}]}}