{"id":424,"date":"2025-01-07T19:07:53","date_gmt":"2025-01-07T18:07:53","guid":{"rendered":"https:\/\/bioelife.fr\/?page_id=424"},"modified":"2025-01-07T19:20:38","modified_gmt":"2025-01-07T18:20:38","slug":"notre-engagement","status":"publish","type":"page","link":"https:\/\/bioelife.fr\/index.php\/notre-engagement\/","title":{"rendered":"Notre engagement"},"content":{"rendered":"\t\t<div data-elementor-type=\"wp-page\" data-elementor-id=\"424\" class=\"elementor elementor-424\">\n\t\t\t\t<div class=\"elementor-element elementor-element-75d60d2 e-flex e-con-boxed e-con e-parent\" data-id=\"75d60d2\" data-element_type=\"container\" data-settings=\"{&quot;jet_parallax_layout_list&quot;:[]}\">\n\t\t\t\t\t<div class=\"e-con-inner\">\n\t\t\t\t<div class=\"elementor-element elementor-element-1df4fb3 elementor-widget elementor-widget-heading\" data-id=\"1df4fb3\" data-element_type=\"widget\" data-widget_type=\"heading.default\">\n\t\t\t\t<div class=\"elementor-widget-container\">\n\t\t\t\t\t<h2 class=\"elementor-heading-title elementor-size-default\">\u201cAu plus profond de la nature : la qu\u00eate des meilleures huiles essentielles\u201d\n<\/h2>\t\t\t\t<\/div>\n\t\t\t\t<\/div>\n\t\t\t\t\t<\/div>\n\t\t\t\t<\/div>\n\t\t<div class=\"elementor-element elementor-element-6de9b47 e-flex e-con-boxed e-con e-parent\" data-id=\"6de9b47\" data-element_type=\"container\" data-settings=\"{&quot;jet_parallax_layout_list&quot;:[]}\">\n\t\t\t\t\t<div class=\"e-con-inner\">\n\t\t\t\t<div class=\"elementor-element elementor-element-5a897a6 elementor-widget elementor-widget-text-editor\" data-id=\"5a897a6\" data-element_type=\"widget\" data-widget_type=\"text-editor.default\">\n\t\t\t\t<div class=\"elementor-widget-container\">\n\t\t\t\t\t\t\t\t\t<h6>Introduction : Une philosophie enracin\u00e9e dans la nature<\/h6><h6>\u00a0<\/h6><h6>Passiphae Bioelife ne se contente pas de produire des huiles essentielles. Nous explorons le monde pour d\u00e9couvrir les origines les plus authentiques et les plus pures, l\u00e0 o\u00f9 la nature offre le meilleur d\u2019elle-m\u00eame.<\/h6><h6>\u00a0<\/h6><h6>Notre mission : Allier qualit\u00e9, respect des \u00e9cosyst\u00e8mes, et innovation pour offrir des produits d\u2019une excellence in\u00e9gal\u00e9e.<\/h6><h6>\u00a0<\/h6><h4>1.\u2060 \u2060Une exploration mondiale pour des origines d\u2019exception<\/h4><h6>\u2022Des terroirs uniques :<\/h6><h6>Chaque huile essentielle puise ses propri\u00e9t\u00e9s dans un terroir sp\u00e9cifique. Que ce soit la lavande des hauts plateaux de Provence, le bois de c\u00e8dre de l\u2019Himalaya ou encore l\u2019ylang-ylang de Madagascar, nous travaillons l\u00e0 o\u00f9 chaque plante r\u00e9v\u00e8le son plein potentiel.<\/h6><h6>\u2022\u2060\u00a0 \u2060Partenariats locaux :<\/h6><h6>En collaborant avec des producteurs locaux, nous garantissons non seulement une qualit\u00e9 sup\u00e9rieure, mais aussi un soutien aux communaut\u00e9s et un respect des traditions.<\/h6><h6>\u00a0<\/h6><h4>2.\u2060 \u2060Un engagement pour la nature et les g\u00e9n\u00e9rations futures<\/h4><h6>\u2022\u2060\u00a0 \u2060Durabilit\u00e9 environnementale :<\/h6><h6>Chaque cueillette, chaque extraction est r\u00e9alis\u00e9e avec un profond respect des \u00e9cosyst\u00e8mes. Nous adoptons des pratiques qui permettent \u00e0 la nature de se r\u00e9g\u00e9n\u00e9rer.<\/h6><h6>\u2022\u2060\u00a0 \u2060Tra\u00e7abilit\u00e9 et puret\u00e9 :<\/h6><h6>Chaque goutte d\u2019huile essentielle que nous produisons peut \u00eatre trac\u00e9e jusqu\u2019\u00e0 son origine. Cela garantit non seulement la qualit\u00e9, mais aussi une transparence totale pour nos clients.<\/h6><h6>\u00a0<\/h6><h4>3.\u2060 \u2060L\u2019alliance de la tradition et de l\u2019innovation<\/h4><h6>\u2022\u2060\u00a0 \u2060Un savoir-faire ancestral :<\/h6><h6>Nous honorons les techniques traditionnelles de distillation et de cueillette, transmises de g\u00e9n\u00e9ration en g\u00e9n\u00e9ration.<\/h6><h6>\u2022\u2060\u00a0 \u2060La technologie au service de l\u2019excellence :<\/h6><h6>Gr\u00e2ce \u00e0 des m\u00e9thodes modernes d\u2019extraction et d\u2019analyse, nous pr\u00e9servons les principes actifs et l\u2019int\u00e9grit\u00e9 des plantes tout en r\u00e9pondant aux normes les plus strictes.<\/h6><h6>\u00a0<\/h6><h4>4.\u2060 \u2060Une exp\u00e9rience sensorielle in\u00e9gal\u00e9e<\/h4><h6>\u00a0<\/h6><h6>Les huiles essentielles que nous proposons ne sont pas de simples produits, mais des invitations \u00e0 voyager au c\u0153ur de la nature. Chaque flacon raconte une histoire : celle d\u2019un lieu, d\u2019une plante, et du savoir-faire des hommes et des femmes qui l\u2019ont fa\u00e7onn\u00e9e.<\/h6><h6>\u00a0<\/h6><h6>Conclusion : Une promesse de qualit\u00e9 et d\u2019authenticit\u00e9<\/h6><h6>\u00a0<\/h6><h6>En allant chercher \u201cau plus profond de la nature\u201d, Passiphae Bioelife s\u2019engage \u00e0 offrir des huiles essentielles qui incarnent le meilleur de notre plan\u00e8te. Nos produits ne sont pas seulement des extraits ; ils sont le reflet de notre respect pour la Terre et de notre qu\u00eate d\u2019excellence<\/h6>\t\t\t\t\t\t\t\t<\/div>\n\t\t\t\t<\/div>\n\t\t\t\t\t<\/div>\n\t\t\t\t<\/div>\n\t\t\t\t<\/div>\n\t\t","protected":false},"excerpt":{"rendered":"<p>\u201cAu plus profond de la nature : la qu\u00eate des meilleures huiles essentielles\u201d Introduction : Une philosophie enracin\u00e9e dans la nature \u00a0 Passiphae Bioelife ne se contente pas de produire des huiles essentielles. Nous explorons le monde pour d\u00e9couvrir les origines les plus authentiques et les plus pures, l\u00e0 o\u00f9 la nature offre le meilleur [&hellip;]<\/p>\n","protected":false},"author":2,"featured_media":0,"parent":0,"menu_order":0,"comment_status":"closed","ping_status":"closed","template":"","meta":{"_acf_changed":false,"footnotes":""},"class_list":["post-424","page","type-page","status-publish","hentry"],"acf":[],"_links":{"self":[{"href":"https:\/\/bioelife.fr\/index.php\/wp-json\/wp\/v2\/pages\/424","targetHints":{"allow":["GET"]}}],"collection":[{"href":"https:\/\/bioelife.fr\/index.php\/wp-json\/wp\/v2\/pages"}],"about":[{"href":"https:\/\/bioelife.fr\/index.php\/wp-json\/wp\/v2\/types\/page"}],"author":[{"embeddable":true,"href":"https:\/\/bioelife.fr\/index.php\/wp-json\/wp\/v2\/users\/2"}],"replies":[{"embeddable":true,"href":"https:\/\/bioelife.fr\/index.php\/wp-json\/wp\/v2\/comments?post=424"}],"version-history":[{"count":11,"href":"https:\/\/bioelife.fr\/index.php\/wp-json\/wp\/v2\/pages\/424\/revisions"}],"predecessor-version":[{"id":438,"href":"https:\/\/bioelife.fr\/index.php\/wp-json\/wp\/v2\/pages\/424\/revisions\/438"}],"wp:attachment":[{"href":"https:\/\/bioelife.fr\/index.php\/wp-json\/wp\/v2\/media?parent=424"}],"curies":[{"name":"wp","href":"https:\/\/api.w.org\/{rel}","templated":true}]}}